{"id":243,"date":"2021-01-30T13:42:56","date_gmt":"2021-01-30T13:42:56","guid":{"rendered":"http:\/\/ozerkanburoglu.com\/?page_id=243"},"modified":"2021-01-30T16:12:46","modified_gmt":"2021-01-30T16:12:46","slug":"portre-fotografciligi","status":"publish","type":"page","link":"http:\/\/ozerkanburoglu.com\/?page_id=243","title":{"rendered":"Portre Foto\u011fraf\u00e7\u0131l\u0131\u011f\u0131"},"content":{"rendered":"\n<p><strong>1 Hafta<\/strong> (2 Saat)<\/p>\n\n\n\n<p><strong>Portre Foto\u011fraf\u00e7\u0131l\u0131\u011f\u0131n\u0131n Kapsam\u0131 Nedir?<\/strong><\/p>\n\n\n\n<ul class=\"wp-block-list\"><li>Portre Foto\u011fraf\u00e7\u0131l\u0131\u011f\u0131 Nedir?<\/li><\/ul>\n\n\n\n<p><strong>St\u00fcdyo Donan\u0131m ve Fla\u015flar Nas\u0131l Olmal\u0131d\u0131r? <\/strong><\/p>\n\n\n\n<ul class=\"wp-block-list\"><li>St\u00fcdyo Mek\u00e2n\u0131 Nas\u0131l Olmal\u0131d\u0131r?<\/li><li>St\u00fcdyo Fla\u015flar\u0131 Nas\u0131ld\u0131r?<\/li><li>St\u00fcdyo Fla\u015flar\u0131n\u0131n Aksesuarlar\u0131 Nelerdir<\/li><\/ul>\n\n\n\n<p><strong>Objektifler<\/strong><\/p>\n\n\n\n<ul class=\"wp-block-list\"><li>Portre Objektifi Nas\u0131l Tespit Edilir?<\/li><li>Sens\u00f6r Formatlar\u0131na G\u00f6re Portre Objektifleri Hangileridir?<\/li><li>\u00c7e\u015fitli Objektiflerinin Portre \u00dczerindeki Etkileri Nelerdir?<\/li><\/ul>\n\n\n\n<p><strong>2 Hafta<\/strong> (2 Saat)<\/p>\n\n\n\n<p><strong>Portre \u00c7ekimlerinde I\u015f\u0131k Aksesuarlar\u0131n\u0131n Etkileri<\/strong><\/p>\n\n\n\n<ul class=\"wp-block-list\"><li>Portre Tas\u0131n\u0131n Etkisi Nas\u0131ld\u0131r?<\/li><li>Soft Box\u2019\u0131n Etkisi Nas\u0131ld\u0131r?<\/li><li>Huni\u2019nin Etkisi Nas\u0131ld\u0131r?<\/li><li>Standart Reflekt\u00f6r\u2019\u00fcn Etkisi Nas\u0131ld\u0131r?<\/li><li>\u015eemsiye\u2019nin Etkisi Nas\u0131ld\u0131r?<\/li><li>Kapakl\u0131 Reflekt\u00f6r\u2019\u00fcn Etkisi Nas\u0131ld\u0131r?<\/li><li>Reflekt\u00f6r\u2019\u00fcn Etkisi Nas\u0131ld\u0131r?<\/li><li>Bal Pete\u011finin Etkisi Nedir? Nas\u0131ld\u0131r?<\/li><\/ul>\n\n\n\n<p><strong>I\u015f\u0131k Kontrast\u0131n\u0131n Portre \u00dczerindeki Etkileri<\/strong><\/p>\n\n\n\n<ul class=\"wp-block-list\"><li>I\u015f\u0131k Kontrast\u0131n\u0131n Portre \u00dczerindeki Etkileri Nelerdir?<\/li><li>Fla\u015flar\u0131n G\u00fcc\u00fcn\u00fcn Ayarlayarak Kontrast Kontrol\u00fc Portrede Nas\u0131l Sa\u011flan\u0131r?<\/li><\/ul>\n\n\n\n<p><strong>I\u015f\u0131\u011f\u0131n Yataydaki Hareketlerinin Portre \u00dczerindeki Etkileri Nas\u0131ld\u0131r?<\/strong><\/p>\n\n\n\n<ul class=\"wp-block-list\"><li>0 Derece\u2019deki I\u015f\u0131k ve Etkisi Nedir?<\/li><li>Sa\u011f 15 Derece\u2019deki I\u015f\u0131k ve Etkisi Nedir?<\/li><li>Sa\u011f 30 Derece \u2019deki I\u015f\u0131k ve Etkisi Nedir?<\/li><li>Sa\u011f 45 Derece\u2019deki I\u015f\u0131k ve&nbsp;Etkisi Nedir?<\/li><li>Sa\u011f 90 Derece\u2019deki I\u015f\u0131k ve Etkisi Nedir?<\/li><li>Sa\u011f 140 Derece\u2019deki I\u015f\u0131k ve Etkisi Nedir?<\/li><li>Sol 15 Derece\u2019deki I\u015f\u0131k ve Etkisi Nedir?<\/li><li>Sol 30 Derece\u2019deki I\u015f\u0131k ve Etkisi Nedir?<\/li><li>Sol 45 Derece\u2019deki I\u015f\u0131k ve Etkisi Nedir?<\/li><li>Sol 90 Derece\u2019deki I\u015f\u0131k ve Etkisi&nbsp;Nedir?<\/li><li>Sol 140 Derece\u2019deki I\u015f\u0131k ve Etkisi Nedir?<\/li><\/ul>\n\n\n\n<p><strong>3 Hafta<\/strong> (2 Saat)<\/p>\n\n\n\n<p><strong>Portre Foto\u011fraf\u00e7\u0131l\u0131\u011f\u0131nda Ana I\u015f\u0131kland\u0131rma \u00c7e\u015fitleri Nelerdir?<\/strong><\/p>\n\n\n\n<ul class=\"wp-block-list\"><li>Ana I\u015f\u0131k Nas\u0131l Bir Etki Verir?<\/li><li>Yard\u0131mc\u0131 I\u015f\u0131k Nas\u0131l Bir Etki Verir?<\/li><li>Sa\u00e7 I\u015f\u0131\u011f\u0131 Nas\u0131l Bir Etki Verir?<\/li><li>Fon I\u015f\u0131\u011f\u0131 Nas\u0131l Bir&nbsp;Etki Verir?<\/li><\/ul>\n\n\n\n<p><strong>Portre Foto\u011fraf\u00e7\u0131l\u0131\u011f\u0131nda Yarat\u0131c\u0131 I\u015f\u0131kland\u0131rma Tipleri Nelerdir?<\/strong><\/p>\n\n\n\n<ul class=\"wp-block-list\"><li>Rembrandt I\u015f\u0131kland\u0131rmas\u0131 Nas\u0131l Bir Etki Verir?<\/li><li>Siplit I\u015f\u0131kland\u0131rmas\u0131 Nas\u0131l Bir Etki Verir?<\/li><li>Profil I\u015f\u0131kland\u0131rmas\u0131 Nas\u0131l Bir Etki Verir?<\/li><li>\u0130nce I\u015f\u0131kland\u0131rma Nas\u0131l Bir Etki&nbsp;Verir?<\/li><li>Paramount I\u015f\u0131kland\u0131rmas\u0131 Nas\u0131l Bir Etki Verir?<\/li><\/ul>\n\n\n\n<p><strong>Portre \u00c7ekimlerinde Ka\u00e7 Tip Duru\u015f \u015eekli Vard\u0131r?<\/strong><\/p>\n\n\n\n<ul class=\"wp-block-list\"><li>D\u00fcz Duru\u015f Ne Demektir?<\/li><li>Profil Duru\u015f Ne Demektir?<\/li><li>Yar\u0131m Profil Duru\u015f Ne Demektir?<\/li><li>Arkadan \u00d6ne Bak\u0131\u015f Ne Demektir?<\/li><\/ul>\n\n\n\n<p><strong>4 Hafta<\/strong> (2 Saat)<\/p>\n\n\n\n<p><strong>Portre Foto\u011fraf\u00e7\u0131l\u0131\u011f\u0131nda Problemlerin \u00c7\u00f6z\u00fcm\u00fc<\/strong><\/p>\n\n\n\n<ul class=\"wp-block-list\"><li>G\u00f6zl\u00fckl\u00fc Portre \u00c7ekimi Nas\u0131l Yap\u0131l\u0131r?<\/li><li>Cilt Problemi Olan Portrenin \u00c7ekimi Nas\u0131l Yap\u0131l\u0131r?<\/li><li>Dar \u00c7eneli Portrenin \u00c7ekimi Nas\u0131l Yap\u0131l\u0131r?<\/li><li>\u0130nce Y\u00fczl\u00fc Portrenin \u00c7ekimi Nas\u0131l Yap\u0131l\u0131r?<\/li><li>Geni\u015f Y\u00fczl\u00fc Portrenin \u00c7ekimi Nas\u0131l Yap\u0131l\u0131r?<\/li><li>Geni\u015f Al\u0131nl\u0131 Portrenin \u00c7ekimi Nas\u0131l Yap\u0131l\u0131r?<\/li><li>Sa\u00e7s\u0131z Portrenin \u00c7ekimi Nas\u0131l Yap\u0131l\u0131r?<\/li><\/ul>\n\n\n\n<p><strong>Foto\u011fraf Makinesinin Dikeydeki Hareketlerinin Portre \u00dczerindeki Etkileri Nelerdir?<\/strong><\/p>\n\n\n\n<ul class=\"wp-block-list\"><li>Kamera\u2019n\u0131n&nbsp;-45 Derecedeki Verdi\u011fi Etki Nas\u0131ld\u0131r?<\/li><li>Kamera\u2019n\u0131n&nbsp;-15 Derecedeki Verdi\u011fi Etki Nas\u0131ld\u0131r?<\/li><li>Kamera\u2019n\u0131n 0 Derecedeki Verdi\u011fi Etki Nas\u0131ld\u0131r?<\/li><li>Kamera\u2019n\u0131n +15 Derecedeki Verdi\u011fi Etki Nas\u0131ld\u0131r?<\/li><li>Kamera\u2019n\u0131n +45 Derecedeki Verdi\u011fi Etki Nas\u0131ld\u0131r?<\/li><\/ul>\n\n\n\n<p><strong>Portre Foto\u011fraf\u00e7\u0131l\u0131\u011f\u0131nda Fon Se\u00e7imi Nas\u0131l Yap\u0131l\u0131r?<\/strong><\/p>\n\n\n\n<ul class=\"wp-block-list\"><li>Portre Foto\u011fraf\u00e7\u0131l\u0131\u011f\u0131nda Fonun \u00d6nemi Nedir?<\/li><li>Fon Renklerinin Se\u00e7imi Neye G\u00f6re Yap\u0131l\u0131r?<\/li><\/ul>\n\n\n\n<p>St\u00fcdyoda \u00c7e\u015fitli I\u015f\u0131klarla Portre Uygulamalar\u0131 Nas\u0131l Yap\u0131l\u0131r?<\/p>\n\n\n\n<ul class=\"wp-block-list\"><li>Tek I\u015f\u0131k \u0130le Portre Nas\u0131l Bir Etki Verir?<\/li><li>\u0130ki I\u015f\u0131k \u0130le Portre Nas\u0131l Bir Etki Verir?<\/li><li>\u00dc\u00e7 I\u015f\u0131k \u0130le Portre (Fon I\u015f\u0131\u011f\u0131 \u0130le) Nas\u0131l Bir Etki Verir?<\/li><li>D\u00f6rt I\u015f\u0131k \u0130le Portre (Sa\u00e7 I\u015f\u0131\u011f\u0131 \u0130le) Nas\u0131l Bir Etki Verir?<\/li><li>Vesikal\u0131k \u00c7ekimi Nas\u0131l Yap\u0131l\u0131r?<\/li><li>Gelin Damat \u00c7ekimi Nas\u0131l Yap\u0131l\u0131r?<\/li><li>Boy Portresi \u00c7ekimi Nas\u0131l Yap\u0131l\u0131r?<\/li><li>Grup Portresi \u00c7ekimi Nas\u0131l Yap\u0131l\u0131r?<\/li><\/ul>\n\n\n\n<p><strong>Gereklilikler:<\/strong><\/p>\n\n\n\n<ul class=\"wp-block-list\"><li>BU E\u011e\u0130T\u0130M ST\u00dcDYO FLA\u015eLARI E\u015eL\u0130\u011e\u0130NDE UYGULAMALI OLARAK KAPALI VE A\u00c7IK MEKANDA YAPILACAKTIR.<\/li><li>BU E\u011e\u0130T\u0130M MAKS\u0130SMUM 12 K\u0130\u015e\u0130 \u0130LE SINIRLIDIR<\/li><li>BU E\u011e\u0130T\u0130M\u0130 ALACAK \u00d6\u011eRENC\u0130LER\u0130N TEMEL ANLAMDA FOTO\u011eRAF B\u0130LG\u0130S\u0130NE SAH\u0130P OLMASI GEREKMEKTED\u0130R.<\/li><\/ul>\n","protected":false},"excerpt":{"rendered":"<p>1 Hafta (2 Saat) Portre Foto\u011fraf\u00e7\u0131l\u0131\u011f\u0131n\u0131n Kapsam\u0131 Nedir? Portre Foto\u011fraf\u00e7\u0131l\u0131\u011f\u0131 Nedir? St\u00fcdyo Donan\u0131m ve Fla\u015flar Nas\u0131l Olmal\u0131d\u0131r? St\u00fcdyo Mek\u00e2n\u0131 Nas\u0131l Olmal\u0131d\u0131r? St\u00fcdyo Fla\u015flar\u0131 Nas\u0131ld\u0131r? St\u00fcdyo Fla\u015flar\u0131n\u0131n Aksesuarlar\u0131 Nelerdir Objektifler Portre Objektifi Nas\u0131l Tespit Edilir? Sens\u00f6r Formatlar\u0131na G\u00f6re Portre Objektifleri Hangileridir? \u00c7e\u015fitli Objektiflerinin Portre \u00dczerindeki Etkileri Nelerdir? 2 Hafta (2 Saat) Portre \u00c7ekimlerinde I\u015f\u0131k Aksesuarlar\u0131n\u0131n Etkileri &#8230; <a title=\"Portre Foto\u011fraf\u00e7\u0131l\u0131\u011f\u0131\" class=\"read-more\" href=\"http:\/\/ozerkanburoglu.com\/?page_id=243\" aria-label=\"Read more about Portre Foto\u011fraf\u00e7\u0131l\u0131\u011f\u0131\">Devam\u0131n\u0131 oku<\/a><\/p>\n","protected":false},"author":1,"featured_media":0,"parent":0,"menu_order":0,"comment_status":"closed","ping_status":"closed","template":"","meta":{"footnotes":""},"class_list":["post-243","page","type-page","status-publish"],"_links":{"self":[{"href":"http:\/\/ozerkanburoglu.com\/index.php?rest_route=\/wp\/v2\/pages\/243"}],"collection":[{"href":"http:\/\/ozerkanburoglu.com\/index.php?rest_route=\/wp\/v2\/pages"}],"about":[{"href":"http:\/\/ozerkanburoglu.com\/index.php?rest_route=\/wp\/v2\/types\/page"}],"author":[{"embeddable":true,"href":"http:\/\/ozerkanburoglu.com\/index.php?rest_route=\/wp\/v2\/users\/1"}],"replies":[{"embeddable":true,"href":"http:\/\/ozerkanburoglu.com\/index.php?rest_route=%2Fwp%2Fv2%2Fcomments&post=243"}],"version-history":[{"count":4,"href":"http:\/\/ozerkanburoglu.com\/index.php?rest_route=\/wp\/v2\/pages\/243\/revisions"}],"predecessor-version":[{"id":568,"href":"http:\/\/ozerkanburoglu.com\/index.php?rest_route=\/wp\/v2\/pages\/243\/revisions\/568"}],"wp:attachment":[{"href":"http:\/\/ozerkanburoglu.com\/index.php?rest_route=%2Fwp%2Fv2%2Fmedia&parent=243"}],"curies":[{"name":"wp","href":"https:\/\/api.w.org\/{rel}","templated":true}]}}