{"id":221,"date":"2021-01-30T12:27:17","date_gmt":"2021-01-30T12:27:17","guid":{"rendered":"http:\/\/ozerkanburoglu.com\/?page_id=221"},"modified":"2021-02-06T16:00:49","modified_gmt":"2021-02-06T16:00:49","slug":"fotograf-okuma-ve-teknik-analiz","status":"publish","type":"page","link":"http:\/\/ozerkanburoglu.com\/?page_id=221","title":{"rendered":"Foto\u011fraf Okuma"},"content":{"rendered":"\n<p><strong>Ama\u00e7 Nedir?<\/strong><\/p>\n\n\n\n<p>Bir\u00e7ok amat\u00f6r; \u00e7ekmi\u015f oldu\u011fu foto\u011fraflar\u0131n\u0131n ne derecede do\u011fru ya da mesaj\u0131 vermede ne derecede kadar ba\u015far\u0131l\u0131 oldu\u011fu konular\u0131nda her zaman ku\u015fku i\u00e7erisine d\u00fc\u015fmektedir. Bu y\u00fczden bu amat\u00f6rler foto\u011fraflar\u0131n\u0131 \u00e7o\u011funlukla kendisinden daha \u00f6nce foto\u011frafa ba\u015flayan amat\u00f6rlere ya da profesyonellere g\u00f6stermekte ve sonu\u00e7ta do\u011fru ya da yanl\u0131\u015f bilgiler alarak, foto\u011fraf ya\u015fant\u0131lar\u0131n\u0131n ileriki y\u0131llar\u0131nda geri d\u00f6n\u00fclemez yanl\u0131\u015f bilgilerle donanmaktad\u0131r. Oysa foto\u011frafa yeni ba\u015flayan amat\u00f6rler, bu foto\u011fraflar\u0131n\u0131 formel bir yol izleyen bir e\u011fitmenle payla\u015ft\u0131klar\u0131nda hem daha do\u011fru ele\u015ftiriler alma imkanlar\u0131na kavu\u015fmakta hem de do\u011fru bilgiyle foto\u011fraf hayatlar\u0131na daha sa\u011fl\u0131kl\u0131 devam edebilmektedirler.<\/p>\n\n\n\n<p><strong>Dersler Nas\u0131l \u0130\u015flenecek?<\/strong><\/p>\n\n\n\n<p>T\u00fcm kat\u0131l\u0131mc\u0131lar o g\u00fcn foto\u011fraf okuma ve teknik analiz i\u00e7in getirdikleri foto\u011fraflardan 5 tanesini, e\u011fitmenin bilgisayar\u0131na y\u00fckleyecek ve kat\u0131l\u0131mc\u0131n\u0131n ismine g\u00f6re e\u011fitmen alfabetik olarak t\u00fcm kat\u0131l\u0131mc\u0131lar\u0131n her foto\u011fraf\u0131n\u0131n tek tek okumas\u0131n\u0131 ve teknik analizini yaparak ele\u015ftirilecektir. Dolay\u0131s\u0131yla X \u00f6\u011frencinin foto\u011fraf\u0131 ele\u015ftirilirken Y da Z \u00f6\u011frenci de o ele\u015ftirilerden dersler \u00e7\u0131kartacak, X \u00f6\u011frencinin yapt\u0131\u011f\u0131 yanl\u0131\u015flar\u0131 yapmay\u0131p onun do\u011frular\u0131n\u0131 da bilgi olarak alm\u0131\u015f olacakt\u0131r. B\u00f6ylece hi\u00e7bir kat\u0131l\u0131mc\u0131 derse olan ilgisini yitirmeyecek ve di\u011fer kat\u0131l\u0131mc\u0131lar\u0131n farkl\u0131 tarzlardaki (makro, manzara, portre, mimari vb.) foto\u011fraflar\u0131ndan da bilgi edinmi\u015f olacakt\u0131r. Sonu\u00e7ta her ders sonunda 100 foto\u011fraf\u0131n okumas\u0131 ve teknik analizi yap\u0131lm\u0131\u015f olacakt\u0131r. (E\u011fer 20 kat\u0131l\u0131mc\u0131 varsa)<\/p>\n\n\n\n<p><strong>Dersler Ka\u00e7 Hafta \u0130\u015flenecek?<\/strong><\/p>\n\n\n\n<p>4 Hafta<\/p>\n\n\n\n<p><strong>Dersler Ka\u00e7 Saat S\u00fcrecek?<\/strong><\/p>\n\n\n\n<p>Dersler foto\u011fraflar\u0131n de\u011ferlendirme durumuna g\u00f6re en az 2 saat, en fazla 3 saat<\/p>\n\n\n\n<p><strong>Kat\u0131l\u0131mc\u0131 Say\u0131s\u0131 Ka\u00e7 Ki\u015fi Olacak?<\/strong><\/p>\n\n\n\n<p>En fazla 20 ki\u015fi<\/p>\n\n\n\n<p><strong>Her Kat\u0131l\u0131mc\u0131 En Fazla Ka\u00e7 Foto\u011frafla Kat\u0131labilecek?<\/strong><\/p>\n\n\n\n<p>En fazla 20 foto\u011fraf<\/p>\n","protected":false},"excerpt":{"rendered":"<p>Ama\u00e7 Nedir? Bir\u00e7ok amat\u00f6r; \u00e7ekmi\u015f oldu\u011fu foto\u011fraflar\u0131n\u0131n ne derecede do\u011fru ya da mesaj\u0131 vermede ne derecede kadar ba\u015far\u0131l\u0131 oldu\u011fu konular\u0131nda her zaman ku\u015fku i\u00e7erisine d\u00fc\u015fmektedir. Bu y\u00fczden bu amat\u00f6rler foto\u011fraflar\u0131n\u0131 \u00e7o\u011funlukla kendisinden daha \u00f6nce foto\u011frafa ba\u015flayan amat\u00f6rlere ya da profesyonellere g\u00f6stermekte ve sonu\u00e7ta do\u011fru ya da yanl\u0131\u015f bilgiler alarak, foto\u011fraf ya\u015fant\u0131lar\u0131n\u0131n ileriki y\u0131llar\u0131nda geri d\u00f6n\u00fclemez &#8230; <a title=\"Foto\u011fraf Okuma\" class=\"read-more\" href=\"http:\/\/ozerkanburoglu.com\/?page_id=221\" aria-label=\"Read more about Foto\u011fraf Okuma\">Devam\u0131n\u0131 oku<\/a><\/p>\n","protected":false},"author":1,"featured_media":0,"parent":0,"menu_order":0,"comment_status":"closed","ping_status":"closed","template":"","meta":{"footnotes":""},"class_list":["post-221","page","type-page","status-publish"],"_links":{"self":[{"href":"http:\/\/ozerkanburoglu.com\/index.php?rest_route=\/wp\/v2\/pages\/221"}],"collection":[{"href":"http:\/\/ozerkanburoglu.com\/index.php?rest_route=\/wp\/v2\/pages"}],"about":[{"href":"http:\/\/ozerkanburoglu.com\/index.php?rest_route=\/wp\/v2\/types\/page"}],"author":[{"embeddable":true,"href":"http:\/\/ozerkanburoglu.com\/index.php?rest_route=\/wp\/v2\/users\/1"}],"replies":[{"embeddable":true,"href":"http:\/\/ozerkanburoglu.com\/index.php?rest_route=%2Fwp%2Fv2%2Fcomments&post=221"}],"version-history":[{"count":3,"href":"http:\/\/ozerkanburoglu.com\/index.php?rest_route=\/wp\/v2\/pages\/221\/revisions"}],"predecessor-version":[{"id":1204,"href":"http:\/\/ozerkanburoglu.com\/index.php?rest_route=\/wp\/v2\/pages\/221\/revisions\/1204"}],"wp:attachment":[{"href":"http:\/\/ozerkanburoglu.com\/index.php?rest_route=%2Fwp%2Fv2%2Fmedia&parent=221"}],"curies":[{"name":"wp","href":"https:\/\/api.w.org\/{rel}","templated":true}]}}