{"id":22,"date":"2021-01-25T11:52:57","date_gmt":"2021-01-25T11:52:57","guid":{"rendered":"http:\/\/ozerkanburoglu.com\/?page_id=22"},"modified":"2021-02-05T22:05:06","modified_gmt":"2021-02-05T22:05:06","slug":"portfolyolar","status":"publish","type":"page","link":"http:\/\/ozerkanburoglu.com\/?page_id=22","title":{"rendered":"Portfolyolar"},"content":{"rendered":"\n<ul class=\"wp-block-list\"><li><a href=\"http:\/\/ozerkanburoglu.com\/?page_id=261\">Detaylar<\/a><\/li><li><a href=\"http:\/\/ozerkanburoglu.com\/?page_id=266\">\u0130zlenimler<\/a><\/li><li><a href=\"http:\/\/ozerkanburoglu.com\/?page_id=272\">Mimari Detaylar<\/a><\/li><li><a href=\"http:\/\/ozerkanburoglu.com\/?page_id=276\">Mimariler<\/a><\/li><li><a href=\"http:\/\/ozerkanburoglu.com\/?page_id=280\">\u00d6yk\u00fcler<\/a><\/li><li><a href=\"http:\/\/ozerkanburoglu.com\/?page_id=284\">Portreler<\/a><\/li><li><a href=\"http:\/\/ozerkanburoglu.com\/?page_id=288\">Sepet\u00e7iler<\/a><\/li><\/ul>\n","protected":false},"excerpt":{"rendered":"<p>Detaylar \u0130zlenimler Mimari Detaylar Mimariler \u00d6yk\u00fcler Portreler Sepet\u00e7iler<\/p>\n","protected":false},"author":1,"featured_media":0,"parent":0,"menu_order":0,"comment_status":"closed","ping_status":"closed","template":"","meta":{"footnotes":""},"class_list":["post-22","page","type-page","status-publish"],"_links":{"self":[{"href":"http:\/\/ozerkanburoglu.com\/index.php?rest_route=\/wp\/v2\/pages\/22"}],"collection":[{"href":"http:\/\/ozerkanburoglu.com\/index.php?rest_route=\/wp\/v2\/pages"}],"about":[{"href":"http:\/\/ozerkanburoglu.com\/index.php?rest_route=\/wp\/v2\/types\/page"}],"author":[{"embeddable":true,"href":"http:\/\/ozerkanburoglu.com\/index.php?rest_route=\/wp\/v2\/users\/1"}],"replies":[{"embeddable":true,"href":"http:\/\/ozerkanburoglu.com\/index.php?rest_route=%2Fwp%2Fv2%2Fcomments&post=22"}],"version-history":[{"count":3,"href":"http:\/\/ozerkanburoglu.com\/index.php?rest_route=\/wp\/v2\/pages\/22\/revisions"}],"predecessor-version":[{"id":1175,"href":"http:\/\/ozerkanburoglu.com\/index.php?rest_route=\/wp\/v2\/pages\/22\/revisions\/1175"}],"wp:attachment":[{"href":"http:\/\/ozerkanburoglu.com\/index.php?rest_route=%2Fwp%2Fv2%2Fmedia&parent=22"}],"curies":[{"name":"wp","href":"https:\/\/api.w.org\/{rel}","templated":true}]}}